{"id":46,"date":"2016-12-13T16:57:45","date_gmt":"2016-12-13T15:57:45","guid":{"rendered":"http:\/\/www.bougartchev-moyne.com\/?page_id=46"},"modified":"2017-03-27T08:15:11","modified_gmt":"2017-03-27T06:15:11","slug":"white-collar-crime","status":"publish","type":"page","link":"https:\/\/www.bougartchev-moyne.com\/en\/white-collar-crime\/","title":{"rendered":"White collar crime"},"content":{"rendered":"<div class=\"wpb-content-wrapper\"><p>[vc_row][vc_column]\n        \n        \n        <div class=\"carrefour-item post-97 droit-penal type-droit-penal status-publish has-post-thumbnail hentry\" id=\"post-97\">\n            <a href=\"https:\/\/www.bougartchev-moyne.com\/en\/white-collar-crime\/criminal-company-law\/\">\n                <div class=\"carrefour-item-image\" style=\"background-image: url('https:\/\/www.bougartchev-moyne.com\/wp-content\/uploads\/2017\/01\/shutterstock_234089146-1024x675.jpg');\"><\/div>\n                <div class=\"carrefour-hover-frame\"><\/div>\n                <div class=\"carrefour-item-content\">\n                    <h3>\n                        Criminal company law                    <\/h3>\n                <\/div>\n            <\/a>\n        <\/div>\n\n\n    \n        \n        <div class=\"carrefour-item post-156 droit-penal type-droit-penal status-publish has-post-thumbnail hentry\" id=\"post-156\">\n            <a href=\"https:\/\/www.bougartchev-moyne.com\/en\/white-collar-crime\/criminal-banking-and-financial-law\/\">\n                <div class=\"carrefour-item-image\" style=\"background-image: url('https:\/\/www.bougartchev-moyne.com\/wp-content\/uploads\/2016\/12\/2-Droit-penal-bancaire-et-financier_GettyImages-AA014599-1024x676.jpg');\"><\/div>\n                <div class=\"carrefour-hover-frame\"><\/div>\n                <div class=\"carrefour-item-content\">\n                    <h3>\n                        Criminal banking and financial law                    <\/h3>\n                <\/div>\n            <\/a>\n        <\/div>\n\n\n    \n        \n        <div class=\"carrefour-item post-374 droit-penal type-droit-penal status-publish has-post-thumbnail hentry\" id=\"post-374\">\n            <a href=\"https:\/\/www.bougartchev-moyne.com\/en\/white-collar-crime\/criminal-tax-law-and-related-offences\/\">\n                <div class=\"carrefour-item-image\" style=\"background-image: url('https:\/\/www.bougartchev-moyne.com\/wp-content\/uploads\/2017\/01\/3.Droit-penal-fiscal-et-infractions-connexes_GettyImages-590363339-1024x1024.jpg');\"><\/div>\n                <div class=\"carrefour-hover-frame\"><\/div>\n                <div class=\"carrefour-item-content\">\n                    <h3>\n                        Criminal tax law and related offences                    <\/h3>\n                <\/div>\n            <\/a>\n        <\/div>\n\n\n    \n        \n        <div class=\"carrefour-item post-376 droit-penal type-droit-penal status-publish has-post-thumbnail hentry\" id=\"post-376\">\n            <a href=\"https:\/\/www.bougartchev-moyne.com\/en\/white-collar-crime\/bribery-and-related-offences\/\">\n                <div class=\"carrefour-item-image\" style=\"background-image: url('https:\/\/www.bougartchev-moyne.com\/wp-content\/uploads\/2017\/01\/4-Corruption-et-infractions-connexes-1024x681.jpg');\"><\/div>\n                <div class=\"carrefour-hover-frame\"><\/div>\n                <div class=\"carrefour-item-content\">\n                    <h3>\n                        Bribery and related offences                    <\/h3>\n                <\/div>\n            <\/a>\n        <\/div>\n\n\n    \n        \n        <div class=\"carrefour-item post-378 droit-penal type-droit-penal status-publish has-post-thumbnail hentry\" id=\"post-378\">\n            <a href=\"https:\/\/www.bougartchev-moyne.com\/en\/white-collar-crime\/international-criminal-law\/\">\n                <div class=\"carrefour-item-image\" style=\"background-image: url('https:\/\/www.bougartchev-moyne.com\/wp-content\/uploads\/2017\/01\/5-Droit-penal-international_GettyImages-535657741-1024x683.jpg');\"><\/div>\n                <div class=\"carrefour-hover-frame\"><\/div>\n                <div class=\"carrefour-item-content\">\n                    <h3>\n                        International criminal law                    <\/h3>\n                <\/div>\n            <\/a>\n        <\/div>\n\n\n    \n        \n        <div class=\"carrefour-item post-380 droit-penal type-droit-penal status-publish has-post-thumbnail hentry\" id=\"post-380\">\n            <a href=\"https:\/\/www.bougartchev-moyne.com\/en\/white-collar-crime\/criminal-competition-and-consumer-law\/\">\n                <div class=\"carrefour-item-image\" style=\"background-image: url('https:\/\/www.bougartchev-moyne.com\/wp-content\/uploads\/2017\/01\/GettyImages-565878279-copie-1024x681.jpg');\"><\/div>\n                <div class=\"carrefour-hover-frame\"><\/div>\n                <div class=\"carrefour-item-content\">\n                    <h3>\n                        Criminal competition and consumer law                    <\/h3>\n                <\/div>\n            <\/a>\n        <\/div>\n\n\n    \n        \n        <div class=\"carrefour-item post-382 droit-penal type-droit-penal status-publish has-post-thumbnail hentry\" id=\"post-382\">\n            <a href=\"https:\/\/www.bougartchev-moyne.com\/en\/white-collar-crime\/criminal-labour-law-and-unintentional-offences\/\">\n                <div class=\"carrefour-item-image\" style=\"background-image: url('https:\/\/www.bougartchev-moyne.com\/wp-content\/uploads\/2017\/01\/7-Droit-penal-du-travail-et-infractions-non-intentionnelles_GettyImages-485206623-1024x768.jpg');\"><\/div>\n                <div class=\"carrefour-hover-frame\"><\/div>\n                <div class=\"carrefour-item-content\">\n                    <h3>\n                        Criminal labour law and unintentional offences                    <\/h3>\n                <\/div>\n            <\/a>\n        <\/div>\n\n\n    \n        \n        <div class=\"carrefour-item post-384 droit-penal type-droit-penal status-publish has-post-thumbnail hentry\" id=\"post-384\">\n            <a href=\"https:\/\/www.bougartchev-moyne.com\/en\/white-collar-crime\/environmental-criminal-law\/\">\n                <div class=\"carrefour-item-image\" style=\"background-image: url('https:\/\/www.bougartchev-moyne.com\/wp-content\/uploads\/2017\/01\/8-Droit-penal-de-l-environnement_GettyImages-683851755-copie-1024x768.jpg');\"><\/div>\n                <div class=\"carrefour-hover-frame\"><\/div>\n                <div class=\"carrefour-item-content\">\n                    <h3>\n                        Environmental criminal law                    <\/h3>\n                <\/div>\n            <\/a>\n        <\/div>\n\n\n    \n        \n        <div class=\"carrefour-item post-386 droit-penal type-droit-penal status-publish has-post-thumbnail hentry\" id=\"post-386\">\n            <a href=\"https:\/\/www.bougartchev-moyne.com\/en\/white-collar-crime\/cybercrime-computer-fraud-and-protection-of-company-secrets\/\">\n                <div class=\"carrefour-item-image\" style=\"background-image: url('https:\/\/www.bougartchev-moyne.com\/wp-content\/uploads\/2017\/01\/shutterstock_44089996-1024x683.jpg');\"><\/div>\n                <div class=\"carrefour-hover-frame\"><\/div>\n                <div class=\"carrefour-item-content\">\n                    <h3>\n                        Cybercrime, computer fraud and protection of company secrets                    <\/h3>\n                <\/div>\n            <\/a>\n        <\/div>\n\n\n    \n        \n        <div class=\"carrefour-item post-389 droit-penal type-droit-penal status-publish has-post-thumbnail hentry\" id=\"post-389\">\n            <a href=\"https:\/\/www.bougartchev-moyne.com\/en\/white-collar-crime\/criminal-and-political-proceedings\/\">\n                <div class=\"carrefour-item-image\" style=\"background-image: url('https:\/\/www.bougartchev-moyne.com\/wp-content\/uploads\/2017\/01\/EI-13-Proces-de-la-bande-a-Bonnot-1024x736.jpg');\"><\/div>\n                <div class=\"carrefour-hover-frame\"><\/div>\n                <div class=\"carrefour-item-content\">\n                    <h3>\n                        Criminal and political proceedings                    <\/h3>\n                <\/div>\n            <\/a>\n        <\/div>\n\n\n    \n[\/vc_column][\/vc_row]<\/p>\n<\/div>","protected":false},"excerpt":{"rendered":"<p>[vc_row][vc_column][\/vc_column][\/vc_row]<\/p>\n","protected":false},"author":1,"featured_media":0,"parent":0,"menu_order":0,"comment_status":"closed","ping_status":"closed","template":"page-full-titled.php","meta":{"_acf_changed":false,"footnotes":""},"class_list":["post-46","page","type-page","status-publish","hentry"],"acf":[],"yoast_head":"<!-- This site is optimized with the Yoast SEO plugin v27.3 - https:\/\/yoast.com\/product\/yoast-seo-wordpress\/ -->\n<title>White collar crime - Bougartchev Moyne Associ\u00e9s AARPI<\/title>\n<meta name=\"description\" content=\"We have been retained as counsel in numerous white collar crime matters, including Erika, Clearstream, EADS, Karachi, Libor\/Euribor, Cahuzac, UBS\" \/>\n<meta name=\"robots\" content=\"index, follow, max-snippet:-1, max-image-preview:large, max-video-preview:-1\" \/>\n<link rel=\"canonical\" href=\"https:\/\/www.bougartchev-moyne.com\/white-collar-crime\/\" \/>\n<meta property=\"og:locale\" content=\"en_US\" \/>\n<meta property=\"og:type\" content=\"article\" \/>\n<meta property=\"og:title\" content=\"White collar crime - Bougartchev Moyne Associ\u00e9s AARPI\" \/>\n<meta property=\"og:description\" content=\"{:fr}Nous avons \u00e9t\u00e9 mandat\u00e9s dans de nombreux dossiers de droit p\u00e9nal des affaires, tels Erika, Clearstream, EADS, Karachi, Libor\/Euribor, Cahuzac, UBS{:en}We have been retained as counsel in numerous white collar crime matters, including Erika, Clearstream, EADS, Karachi, Libor\/Euribor, Cahuzac, UBS{:}\" \/>\n<meta property=\"og:url\" content=\"https:\/\/www.bougartchev-moyne.com\/white-collar-crime\/\" \/>\n<meta property=\"og:site_name\" content=\"Bougartchev Moyne Associ\u00e9s AARPI\" \/>\n<meta property=\"article:modified_time\" content=\"2017-03-27T06:15:11+00:00\" \/>\n<meta name=\"twitter:card\" content=\"summary_large_image\" \/>\n<script type=\"application\/ld+json\" class=\"yoast-schema-graph\">{\"@context\":\"https:\\\/\\\/schema.org\",\"@graph\":[{\"@type\":\"WebPage\",\"@id\":\"https:\\\/\\\/www.bougartchev-moyne.com\\\/white-collar-crime\\\/\",\"url\":\"https:\\\/\\\/www.bougartchev-moyne.com\\\/white-collar-crime\\\/\",\"name\":\"White collar crime - Bougartchev Moyne Associ\u00e9s AARPI\",\"isPartOf\":{\"@id\":\"https:\\\/\\\/www.bougartchev-moyne.com\\\/#website\"},\"datePublished\":\"2016-12-13T15:57:45+00:00\",\"dateModified\":\"2017-03-27T06:15:11+00:00\",\"description\":\"{:fr}Nous avons \u00e9t\u00e9 mandat\u00e9s dans de nombreux dossiers de droit p\u00e9nal des affaires, tels Erika, Clearstream, EADS, Karachi, Libor\\\/Euribor, Cahuzac, UBS{:en}We have been retained as counsel in numerous white collar crime matters, including Erika, Clearstream, EADS, Karachi, Libor\\\/Euribor, Cahuzac, UBS{:}\",\"breadcrumb\":{\"@id\":\"https:\\\/\\\/www.bougartchev-moyne.com\\\/white-collar-crime\\\/#breadcrumb\"},\"inLanguage\":\"en-US\",\"potentialAction\":[{\"@type\":\"ReadAction\",\"target\":[\"https:\\\/\\\/www.bougartchev-moyne.com\\\/white-collar-crime\\\/\"]}]},{\"@type\":\"BreadcrumbList\",\"@id\":\"https:\\\/\\\/www.bougartchev-moyne.com\\\/white-collar-crime\\\/#breadcrumb\",\"itemListElement\":[{\"@type\":\"ListItem\",\"position\":1,\"name\":\"Accueil\",\"item\":\"https:\\\/\\\/www.bougartchev-moyne.com\\\/\"},{\"@type\":\"ListItem\",\"position\":2,\"name\":\"Droit p\u00e9nal des affaires\"}]},{\"@type\":\"WebSite\",\"@id\":\"https:\\\/\\\/www.bougartchev-moyne.com\\\/#website\",\"url\":\"https:\\\/\\\/www.bougartchev-moyne.com\\\/\",\"name\":\"Bougartchev Moyne Associ\u00e9s AARPI\",\"description\":\"\",\"potentialAction\":[{\"@type\":\"SearchAction\",\"target\":{\"@type\":\"EntryPoint\",\"urlTemplate\":\"https:\\\/\\\/www.bougartchev-moyne.com\\\/?s={search_term_string}\"},\"query-input\":{\"@type\":\"PropertyValueSpecification\",\"valueRequired\":true,\"valueName\":\"search_term_string\"}}],\"inLanguage\":\"en-US\"}]}<\/script>\n<!-- \/ Yoast SEO plugin. -->","yoast_head_json":{"title":"White collar crime - Bougartchev Moyne Associ\u00e9s AARPI","description":"We have been retained as counsel in numerous white collar crime matters, including Erika, Clearstream, EADS, Karachi, Libor\/Euribor, Cahuzac, UBS","robots":{"index":"index","follow":"follow","max-snippet":"max-snippet:-1","max-image-preview":"max-image-preview:large","max-video-preview":"max-video-preview:-1"},"canonical":"https:\/\/www.bougartchev-moyne.com\/white-collar-crime\/","og_locale":"en_US","og_type":"article","og_title":"White collar crime - Bougartchev Moyne Associ\u00e9s AARPI","og_description":"{:fr}Nous avons \u00e9t\u00e9 mandat\u00e9s dans de nombreux dossiers de droit p\u00e9nal des affaires, tels Erika, Clearstream, EADS, Karachi, Libor\/Euribor, Cahuzac, UBS{:en}We have been retained as counsel in numerous white collar crime matters, including Erika, Clearstream, EADS, Karachi, Libor\/Euribor, Cahuzac, UBS{:}","og_url":"https:\/\/www.bougartchev-moyne.com\/white-collar-crime\/","og_site_name":"Bougartchev Moyne Associ\u00e9s AARPI","article_modified_time":"2017-03-27T06:15:11+00:00","twitter_card":"summary_large_image","schema":{"@context":"https:\/\/schema.org","@graph":[{"@type":"WebPage","@id":"https:\/\/www.bougartchev-moyne.com\/white-collar-crime\/","url":"https:\/\/www.bougartchev-moyne.com\/white-collar-crime\/","name":"White collar crime - Bougartchev Moyne Associ\u00e9s AARPI","isPartOf":{"@id":"https:\/\/www.bougartchev-moyne.com\/#website"},"datePublished":"2016-12-13T15:57:45+00:00","dateModified":"2017-03-27T06:15:11+00:00","description":"{:fr}Nous avons \u00e9t\u00e9 mandat\u00e9s dans de nombreux dossiers de droit p\u00e9nal des affaires, tels Erika, Clearstream, EADS, Karachi, Libor\/Euribor, Cahuzac, UBS{:en}We have been retained as counsel in numerous white collar crime matters, including Erika, Clearstream, EADS, Karachi, Libor\/Euribor, Cahuzac, UBS{:}","breadcrumb":{"@id":"https:\/\/www.bougartchev-moyne.com\/white-collar-crime\/#breadcrumb"},"inLanguage":"en-US","potentialAction":[{"@type":"ReadAction","target":["https:\/\/www.bougartchev-moyne.com\/white-collar-crime\/"]}]},{"@type":"BreadcrumbList","@id":"https:\/\/www.bougartchev-moyne.com\/white-collar-crime\/#breadcrumb","itemListElement":[{"@type":"ListItem","position":1,"name":"Accueil","item":"https:\/\/www.bougartchev-moyne.com\/"},{"@type":"ListItem","position":2,"name":"Droit p\u00e9nal des affaires"}]},{"@type":"WebSite","@id":"https:\/\/www.bougartchev-moyne.com\/#website","url":"https:\/\/www.bougartchev-moyne.com\/","name":"Bougartchev Moyne Associ\u00e9s AARPI","description":"","potentialAction":[{"@type":"SearchAction","target":{"@type":"EntryPoint","urlTemplate":"https:\/\/www.bougartchev-moyne.com\/?s={search_term_string}"},"query-input":{"@type":"PropertyValueSpecification","valueRequired":true,"valueName":"search_term_string"}}],"inLanguage":"en-US"}]}},"_links":{"self":[{"href":"https:\/\/www.bougartchev-moyne.com\/en\/wp-json\/wp\/v2\/pages\/46","targetHints":{"allow":["GET"]}}],"collection":[{"href":"https:\/\/www.bougartchev-moyne.com\/en\/wp-json\/wp\/v2\/pages"}],"about":[{"href":"https:\/\/www.bougartchev-moyne.com\/en\/wp-json\/wp\/v2\/types\/page"}],"author":[{"embeddable":true,"href":"https:\/\/www.bougartchev-moyne.com\/en\/wp-json\/wp\/v2\/users\/1"}],"replies":[{"embeddable":true,"href":"https:\/\/www.bougartchev-moyne.com\/en\/wp-json\/wp\/v2\/comments?post=46"}],"version-history":[{"count":21,"href":"https:\/\/www.bougartchev-moyne.com\/en\/wp-json\/wp\/v2\/pages\/46\/revisions"}],"predecessor-version":[{"id":1819,"href":"https:\/\/www.bougartchev-moyne.com\/en\/wp-json\/wp\/v2\/pages\/46\/revisions\/1819"}],"wp:attachment":[{"href":"https:\/\/www.bougartchev-moyne.com\/en\/wp-json\/wp\/v2\/media?parent=46"}],"curies":[{"name":"wp","href":"https:\/\/api.w.org\/{rel}","templated":true}]}}